{"id":844,"date":"2024-12-05T19:17:55","date_gmt":"2024-12-05T18:17:55","guid":{"rendered":"http:\/\/www.physiovet.fr\/?page_id=844"},"modified":"2024-12-05T19:22:15","modified_gmt":"2024-12-05T18:22:15","slug":"mentions-legales","status":"publish","type":"page","link":"https:\/\/www.physiovet.fr\/index.php\/mentions-legales\/","title":{"rendered":"Mentions L\u00e9gales"},"content":{"rendered":"<div data-colibri-id=\"844-c1\" class=\"style-464 style-local-844-c1 position-relative\">\n  <!---->\n  <div data-colibri-component=\"section\" data-colibri-id=\"844-c2\" id=\"custom\" class=\"h-section h-section-global-spacing d-flex align-items-lg-center align-items-md-center align-items-center style-465 style-local-844-c2 position-relative\">\n    <!---->\n    <!---->\n    <div class=\"h-section-grid-container h-section-boxed-container\">\n      <!---->\n      <div data-colibri-id=\"844-c3\" class=\"h-row-container gutters-row-lg-2 gutters-row-md-2 gutters-row-0 gutters-row-v-lg-2 gutters-row-v-md-2 gutters-row-v-2 style-466 style-local-844-c3 position-relative\">\n        <!---->\n        <div class=\"h-row justify-content-lg-center justify-content-md-center justify-content-center align-items-lg-stretch align-items-md-stretch align-items-stretch gutters-col-lg-2 gutters-col-md-2 gutters-col-0 gutters-col-v-lg-2 gutters-col-v-md-2 gutters-col-v-2\">\n          <!---->\n          <div class=\"h-column h-column-container d-flex h-col-lg-auto h-col-md-auto h-col-auto style-467-outer style-local-844-c4-outer\">\n            <div data-colibri-id=\"844-c4\" class=\"d-flex h-flex-basis h-column__inner h-px-lg-2 h-px-md-2 h-px-2 v-inner-lg-2 v-inner-md-2 v-inner-2 style-467 style-local-844-c4 position-relative\">\n              <!---->\n              <!---->\n              <div class=\"w-100 h-y-container h-column__content h-column__v-align flex-basis-100 align-self-lg-start align-self-md-start align-self-start\">\n                <!---->\n                <div data-colibri-id=\"844-c5\" class=\"h-text h-text-component style-468 style-local-844-c5 position-relative h-element\">\n                  <!---->\n                  <!---->\n                  <div class=\"\">\n                    <h2><strong>Propri\u00e9taire du Site<\/strong><\/h2>\n                    <p><strong>Philippe Labarthe<\/strong>\n                      <br>V\u00e9t\u00e9rinaire ind\u00e9pendant\n                      <br>N\u00b0 SIRET : 493 880 132 00037\n                      <br>N\u00b0 TVA intracommunautaire : FR 37 493 880 132\n                      <br>Domicili\u00e9 \u00e0 : Marseille\n                      <br>\n                    <\/p>\n                    <p>\n                      <br>\n                    <\/p>\n                    <h2><strong>R\u00e9alisation et Cr\u00e9ation du Site<\/strong><\/h2>\n                    <p><strong>Cr\u00e9ateur du site :<\/strong>\n                      <br><strong>BDK SAS<\/strong>\n                      <br>Chez Sofradom\n                      <br>101, rue de S\u00e8vres \u2013 75006 Paris<\/p>\n                    <p><strong>Contact :<\/strong>\n                      <br>Marek Kasinski (Marc)\n                      <br>T\u00e9l\u00e9phone : +33 (0)6 81 28 22 40\n                      <br>Email :\n                      <a href=\"mailto:mk@netbuzz.fr\">mk@netbuzz.fr<\/a>\n                    <\/p>\n                    <p>\n                      <br>\n                    <\/p>\n                    <h2><strong>Studio de Conception Graphique<\/strong><\/h2>\n                    <p><strong>SEIZE Designers<\/strong>\n                      <br>Studio de cr\u00e9ation graphique\n                      <br>16 rue Fontange\n                      <br>13006 Marseille, France<\/p>\n                    <p><strong>Coordonn\u00e9es :<\/strong>\n                      <br>T\u00e9l\u00e9phone : +33 (0)4 91 33 61 02<\/p>\n                    <p>\n                      <br>\n                    <\/p>\n                    <h2><strong>H\u00e9bergement du Site<\/strong><\/h2>\n                    <p><strong>OVH<\/strong>\n                      <br>\n                      <a href=\"http:\/\/www.ovh.com\" rel=\"noopener\" target=\"_new\" class=\"customize-unpreviewable\" draggable=\"false\">www.ovh.com<\/a>\n                      <br>SAS au capital de 500 000 \u20ac\n                      <br>RCS Roubaix-Tourcoing : 424 761 419 00045\n                      <br>Code APE : 6202A\n                      <br>N\u00b0 TVA intracommunautaire : FR 22 424 761 419\n                      <br>Si\u00e8ge social : 2 rue Kellermann, 59100 Roubaix, France<\/p>\n                    <p>\n                      <br>\n                    <\/p>\n                    <h2><strong>Propri\u00e9t\u00e9 Intellectuelle<\/strong><\/h2>\n                    <p>Tous les contenus pr\u00e9sents sur ce site (textes, photographies, illustrations, logos) sont prot\u00e9g\u00e9s par le droit d\u2019auteur et le Code de la propri\u00e9t\u00e9 intellectuelle. Toute reproduction, repr\u00e9sentation, modification ou exploitation, totale\n                      ou partielle, sans autorisation pr\u00e9alable, est strictement interdite.<\/p>\n                    <p>\n                      <br>\n                    <\/p>\n                    <h2><strong>Cr\u00e9dits Photos<\/strong><\/h2>\n                    <p>\u00a9 <strong>Jeanne Marty Photographe<\/strong> &#8211; Tous droits r\u00e9serv\u00e9s.<\/p>\n                    <ul>\n                      <li><strong>Coordonn\u00e9es :<\/strong>\n                        <br>T\u00e9l\u00e9phone : 06 15 47 52 63\n                        <br>Pour toute question, vous pouvez me contacter par mail ou t\u00e9l\u00e9phone : 06 09 54 65 86<\/li>\n                    <\/ul>\n                    <p><strong>Adobe Stock<\/strong>\n                      <br>Fournisseur d\u2019images (chien, chat)\n                      <br>\n                      <a href=\"http:\/\/www.stock.adobe.com\" target=\"_new\" rel=\"noopener\" class=\"customize-unpreviewable\">www.stock.adobe.com<\/a>\n                    <\/p>\n                  <\/div>\n                <\/div>\n              <\/div>\n            <\/div>\n          <\/div>\n        <\/div>\n      <\/div>\n    <\/div>\n  <\/div>\n  <div data-colibri-component=\"section\" data-colibri-id=\"844-c7\" id=\"cta\" class=\"h-section h-section-global-spacing d-flex align-items-lg-center align-items-md-center align-items-center style-470 style-local-844-c7 position-relative\">\n    <div class=\"background-wrapper\">\n      <div class=\"background-layer background-layer-media-container-lg\">\n        <div data-enabled=\"true\" data-colibri-component=\"parallax\" class=\"background-layer paraxify\" style=\"background-image: url(&quot;https:\/\/www.physiovet.fr\/wp-content\/uploads\/2024\/11\/fondplage.jpg&quot;);\" model-id=\"844-c7\" media=\"desktop\" is-preview=\"true\"><\/div>\n        <div class=\"overlay-layer\">\n          <div class=\"overlay-image-layer\" style=\"background-color: rgb(255, 255, 255); opacity: 0.5;\"><\/div>\n        <\/div>\n      <\/div>\n      <div class=\"background-layer background-layer-media-container-md\">\n        <div data-enabled=\"true\" data-colibri-component=\"parallax\" class=\"background-layer paraxify\" style=\"background-image: url(&quot;https:\/\/www.physiovet.fr\/wp-content\/uploads\/2024\/11\/fondplage.jpg&quot;);\" model-id=\"844-c7\" media=\"tablet\" is-preview=\"true\"><\/div>\n        <div class=\"overlay-layer\">\n          <div class=\"overlay-image-layer\" style=\"background-color: rgb(255, 255, 255); opacity: 0.5;\"><\/div>\n        <\/div>\n      <\/div>\n      <div class=\"background-layer background-layer-media-container\">\n        <div data-enabled=\"true\" data-colibri-component=\"parallax\" class=\"background-layer paraxify\" style=\"background-image: url(&quot;https:\/\/www.physiovet.fr\/wp-content\/uploads\/2024\/11\/fondplage.jpg&quot;);\" model-id=\"844-c7\" media=\"mobile\" is-preview=\"true\"><\/div>\n        <div class=\"overlay-layer\">\n          <div class=\"overlay-image-layer\" style=\"background-color: rgb(255, 255, 255); opacity: 0.5;\"><\/div>\n        <\/div>\n      <\/div>\n    <\/div>\n    <!---->\n    <div class=\"h-section-grid-container h-section-boxed-container\">\n      <!---->\n      <div data-colibri-id=\"844-c8\" class=\"h-row-container gutters-row-lg-2 gutters-row-md-2 gutters-row-0 gutters-row-v-lg-2 gutters-row-v-md-2 gutters-row-v-2 style-471 style-local-844-c8 position-relative\">\n        <!---->\n        <div class=\"h-row justify-content-lg-center justify-content-md-center justify-content-center align-items-lg-stretch align-items-md-stretch align-items-stretch gutters-col-lg-2 gutters-col-md-2 gutters-col-0 gutters-col-v-lg-2 gutters-col-v-md-2 gutters-col-v-2\">\n          <!---->\n          <div class=\"h-column h-column-container d-flex h-col-lg-auto h-col-md-auto h-col-auto style-472-outer style-local-844-c9-outer\">\n            <div data-colibri-id=\"844-c9\" class=\"d-flex h-flex-basis h-column__inner h-px-lg-3 h-px-md-3 h-px-3 v-inner-lg-3 v-inner-md-3 v-inner-3 style-472 style-local-844-c9 position-relative\">\n              <!---->\n              <!---->\n              <div class=\"w-100 h-y-container h-column__content h-column__v-align flex-basis-100 align-self-lg-start align-self-md-start align-self-start\">\n                <!---->\n                <div data-colibri-id=\"844-c10\" class=\"h-global-transition-all h-heading style-473 style-local-844-c10 position-relative h-element\">\n                  <!---->\n                  <div class=\"h-heading__outer style-473 style-local-844-c10\">\n                    <!---->\n                    <!---->\n                    <h3 class=\"\"><span style=\"font-weight: 400;\">Contactez-nous<\/span>,\n                      <br>nous vous r\u00e9pondrons rapidement !<\/h3>\n                  <\/div>\n                <\/div>\n                <div data-colibri-id=\"844-c11\" class=\"h-x-container style-474 style-local-844-c11 position-relative h-element\">\n                  <!---->\n                  <div class=\"h-x-container-inner style-dynamic-844-c11-group style-474-spacing style-local-844-c11-spacing\"><span class=\"h-button__outer style-475-outer style-local-844-c12-outer d-inline-flex h-element\"><a h-use-smooth-scroll=\"true\" href=\"mailto:philippelabarthe@gmail.com\"  data-colibri-id=\"844-c12\" class=\"d-flex w-100 align-items-center h-button justify-content-lg-center justify-content-md-center justify-content-center style-475 style-local-844-c12 position-relative\"><!----><!----> <span>CONTACT<\/span><\/a>\n                    <\/span>\n                  <\/div>\n                <\/div>\n              <\/div>\n            <\/div>\n          <\/div>\n        <\/div>\n      <\/div>\n    <\/div>\n  <\/div>\n<\/div>","protected":false},"excerpt":{"rendered":"<p>Propri\u00e9taire du Site Philippe Labarthe V\u00e9t\u00e9rinaire ind\u00e9pendant N\u00b0 SIRET : 493 880 132 00037 N\u00b0 TVA intracommunautaire : FR 37 493 880 132 Domicili\u00e9 \u00e0 : Marseille R\u00e9alisation et Cr\u00e9ation du Site Cr\u00e9ateur du site : BDK SAS Chez Sofradom 101, rue de S\u00e8vres \u2013 75006 Paris Contact : Marek Kasinski (Marc) T\u00e9l\u00e9phone : +33 [&hellip;]<\/p>\n","protected":false},"author":1,"featured_media":0,"parent":0,"menu_order":0,"comment_status":"closed","ping_status":"open","template":"page-templates\/full-width-page.php","meta":{"footnotes":""},"class_list":["post-844","page","type-page","status-publish","hentry"],"yoast_head":"<!-- This site is optimized with the Yoast SEO plugin v24.2 - https:\/\/yoast.com\/wordpress\/plugins\/seo\/ -->\n<title>Mentions L\u00e9gales - Physiovet<\/title>\n<meta name=\"robots\" content=\"index, follow, max-snippet:-1, max-image-preview:large, max-video-preview:-1\" \/>\n<link rel=\"canonical\" href=\"https:\/\/www.physiovet.fr\/index.php\/mentions-legales\/\" \/>\n<meta property=\"og:locale\" content=\"fr_FR\" \/>\n<meta property=\"og:type\" content=\"article\" \/>\n<meta property=\"og:title\" content=\"Mentions L\u00e9gales - Physiovet\" \/>\n<meta property=\"og:description\" content=\"Propri\u00e9taire du Site Philippe Labarthe V\u00e9t\u00e9rinaire ind\u00e9pendant N\u00b0 SIRET : 493 880 132 00037 N\u00b0 TVA intracommunautaire : FR 37 493 880 132 Domicili\u00e9 \u00e0 : Marseille R\u00e9alisation et Cr\u00e9ation du Site Cr\u00e9ateur du site : BDK SAS Chez Sofradom 101, rue de S\u00e8vres \u2013 75006 Paris Contact : Marek Kasinski (Marc) T\u00e9l\u00e9phone : +33 [&hellip;]\" \/>\n<meta property=\"og:url\" content=\"https:\/\/www.physiovet.fr\/index.php\/mentions-legales\/\" \/>\n<meta property=\"og:site_name\" content=\"Physiovet\" \/>\n<meta property=\"article:modified_time\" content=\"2024-12-05T18:22:15+00:00\" \/>\n<meta name=\"twitter:card\" content=\"summary_large_image\" \/>\n<meta name=\"twitter:label1\" content=\"Dur\u00e9e de lecture estim\u00e9e\" \/>\n\t<meta name=\"twitter:data1\" content=\"1 minute\" \/>\n<script type=\"application\/ld+json\" class=\"yoast-schema-graph\">{\"@context\":\"https:\/\/schema.org\",\"@graph\":[{\"@type\":\"WebPage\",\"@id\":\"https:\/\/www.physiovet.fr\/index.php\/mentions-legales\/\",\"url\":\"https:\/\/www.physiovet.fr\/index.php\/mentions-legales\/\",\"name\":\"Mentions L\u00e9gales - Physiovet\",\"isPartOf\":{\"@id\":\"https:\/\/www.physiovet.fr\/#website\"},\"datePublished\":\"2024-12-05T18:17:55+00:00\",\"dateModified\":\"2024-12-05T18:22:15+00:00\",\"breadcrumb\":{\"@id\":\"https:\/\/www.physiovet.fr\/index.php\/mentions-legales\/#breadcrumb\"},\"inLanguage\":\"fr-FR\",\"potentialAction\":[{\"@type\":\"ReadAction\",\"target\":[\"https:\/\/www.physiovet.fr\/index.php\/mentions-legales\/\"]}]},{\"@type\":\"BreadcrumbList\",\"@id\":\"https:\/\/www.physiovet.fr\/index.php\/mentions-legales\/#breadcrumb\",\"itemListElement\":[{\"@type\":\"ListItem\",\"position\":1,\"name\":\"Accueil\",\"item\":\"https:\/\/www.physiovet.fr\/\"},{\"@type\":\"ListItem\",\"position\":2,\"name\":\"Mentions L\u00e9gales\"}]},{\"@type\":\"WebSite\",\"@id\":\"https:\/\/www.physiovet.fr\/#website\",\"url\":\"https:\/\/www.physiovet.fr\/\",\"name\":\"Physiovet\",\"description\":\"Expert en bien-\u00eatre animal : V\u00e9t\u00e9rinaire \u2013 Ost\u00e9opathie \u2013 Physioth\u00e9rapie \u2013 R\u00e9\u00e9ducation fonctionnelle\",\"publisher\":{\"@id\":\"https:\/\/www.physiovet.fr\/#organization\"},\"potentialAction\":[{\"@type\":\"SearchAction\",\"target\":{\"@type\":\"EntryPoint\",\"urlTemplate\":\"https:\/\/www.physiovet.fr\/?s={search_term_string}\"},\"query-input\":{\"@type\":\"PropertyValueSpecification\",\"valueRequired\":true,\"valueName\":\"search_term_string\"}}],\"inLanguage\":\"fr-FR\"},{\"@type\":\"Organization\",\"@id\":\"https:\/\/www.physiovet.fr\/#organization\",\"name\":\"Physiovet\",\"url\":\"https:\/\/www.physiovet.fr\/\",\"logo\":{\"@type\":\"ImageObject\",\"inLanguage\":\"fr-FR\",\"@id\":\"https:\/\/www.physiovet.fr\/#\/schema\/logo\/image\/\",\"url\":\"https:\/\/www.physiovet.fr\/wp-content\/uploads\/2024\/12\/logo-physiovet-blanc.png\",\"contentUrl\":\"https:\/\/www.physiovet.fr\/wp-content\/uploads\/2024\/12\/logo-physiovet-blanc.png\",\"width\":1000,\"height\":511,\"caption\":\"Physiovet\"},\"image\":{\"@id\":\"https:\/\/www.physiovet.fr\/#\/schema\/logo\/image\/\"}}]}<\/script>\n<!-- \/ Yoast SEO plugin. -->","yoast_head_json":{"title":"Mentions L\u00e9gales - Physiovet","robots":{"index":"index","follow":"follow","max-snippet":"max-snippet:-1","max-image-preview":"max-image-preview:large","max-video-preview":"max-video-preview:-1"},"canonical":"https:\/\/www.physiovet.fr\/index.php\/mentions-legales\/","og_locale":"fr_FR","og_type":"article","og_title":"Mentions L\u00e9gales - Physiovet","og_description":"Propri\u00e9taire du Site Philippe Labarthe V\u00e9t\u00e9rinaire ind\u00e9pendant N\u00b0 SIRET : 493 880 132 00037 N\u00b0 TVA intracommunautaire : FR 37 493 880 132 Domicili\u00e9 \u00e0 : Marseille R\u00e9alisation et Cr\u00e9ation du Site Cr\u00e9ateur du site : BDK SAS Chez Sofradom 101, rue de S\u00e8vres \u2013 75006 Paris Contact : Marek Kasinski (Marc) T\u00e9l\u00e9phone : +33 [&hellip;]","og_url":"https:\/\/www.physiovet.fr\/index.php\/mentions-legales\/","og_site_name":"Physiovet","article_modified_time":"2024-12-05T18:22:15+00:00","twitter_card":"summary_large_image","twitter_misc":{"Dur\u00e9e de lecture estim\u00e9e":"1 minute"},"schema":{"@context":"https:\/\/schema.org","@graph":[{"@type":"WebPage","@id":"https:\/\/www.physiovet.fr\/index.php\/mentions-legales\/","url":"https:\/\/www.physiovet.fr\/index.php\/mentions-legales\/","name":"Mentions L\u00e9gales - Physiovet","isPartOf":{"@id":"https:\/\/www.physiovet.fr\/#website"},"datePublished":"2024-12-05T18:17:55+00:00","dateModified":"2024-12-05T18:22:15+00:00","breadcrumb":{"@id":"https:\/\/www.physiovet.fr\/index.php\/mentions-legales\/#breadcrumb"},"inLanguage":"fr-FR","potentialAction":[{"@type":"ReadAction","target":["https:\/\/www.physiovet.fr\/index.php\/mentions-legales\/"]}]},{"@type":"BreadcrumbList","@id":"https:\/\/www.physiovet.fr\/index.php\/mentions-legales\/#breadcrumb","itemListElement":[{"@type":"ListItem","position":1,"name":"Accueil","item":"https:\/\/www.physiovet.fr\/"},{"@type":"ListItem","position":2,"name":"Mentions L\u00e9gales"}]},{"@type":"WebSite","@id":"https:\/\/www.physiovet.fr\/#website","url":"https:\/\/www.physiovet.fr\/","name":"Physiovet","description":"Expert en bien-\u00eatre animal : V\u00e9t\u00e9rinaire \u2013 Ost\u00e9opathie \u2013 Physioth\u00e9rapie \u2013 R\u00e9\u00e9ducation fonctionnelle","publisher":{"@id":"https:\/\/www.physiovet.fr\/#organization"},"potentialAction":[{"@type":"SearchAction","target":{"@type":"EntryPoint","urlTemplate":"https:\/\/www.physiovet.fr\/?s={search_term_string}"},"query-input":{"@type":"PropertyValueSpecification","valueRequired":true,"valueName":"search_term_string"}}],"inLanguage":"fr-FR"},{"@type":"Organization","@id":"https:\/\/www.physiovet.fr\/#organization","name":"Physiovet","url":"https:\/\/www.physiovet.fr\/","logo":{"@type":"ImageObject","inLanguage":"fr-FR","@id":"https:\/\/www.physiovet.fr\/#\/schema\/logo\/image\/","url":"https:\/\/www.physiovet.fr\/wp-content\/uploads\/2024\/12\/logo-physiovet-blanc.png","contentUrl":"https:\/\/www.physiovet.fr\/wp-content\/uploads\/2024\/12\/logo-physiovet-blanc.png","width":1000,"height":511,"caption":"Physiovet"},"image":{"@id":"https:\/\/www.physiovet.fr\/#\/schema\/logo\/image\/"}}]}},"_links":{"self":[{"href":"https:\/\/www.physiovet.fr\/index.php\/wp-json\/wp\/v2\/pages\/844","targetHints":{"allow":["GET"]}}],"collection":[{"href":"https:\/\/www.physiovet.fr\/index.php\/wp-json\/wp\/v2\/pages"}],"about":[{"href":"https:\/\/www.physiovet.fr\/index.php\/wp-json\/wp\/v2\/types\/page"}],"author":[{"embeddable":true,"href":"https:\/\/www.physiovet.fr\/index.php\/wp-json\/wp\/v2\/users\/1"}],"replies":[{"embeddable":true,"href":"https:\/\/www.physiovet.fr\/index.php\/wp-json\/wp\/v2\/comments?post=844"}],"version-history":[{"count":2,"href":"https:\/\/www.physiovet.fr\/index.php\/wp-json\/wp\/v2\/pages\/844\/revisions"}],"predecessor-version":[{"id":849,"href":"https:\/\/www.physiovet.fr\/index.php\/wp-json\/wp\/v2\/pages\/844\/revisions\/849"}],"wp:attachment":[{"href":"https:\/\/www.physiovet.fr\/index.php\/wp-json\/wp\/v2\/media?parent=844"}],"curies":[{"name":"wp","href":"https:\/\/api.w.org\/{rel}","templated":true}]}}